{"id":46,"date":"2021-01-23T15:12:47","date_gmt":"2021-01-23T14:12:47","guid":{"rendered":"http:\/\/bandapaysmedoc.com\/lousvinherouns\/?page_id=46"},"modified":"2025-02-08T17:12:41","modified_gmt":"2025-02-08T16:12:41","slug":"historique","status":"publish","type":"page","link":"https:\/\/bandapaysmedoc.com\/lousvinherouns\/index.php\/historique\/","title":{"rendered":"Historique"},"content":{"rendered":"\n<p>Naissance d\u2019une Banda<\/p>\n\n\n\n<p>La Banda \u00ab Pays M\u00e9doc \u00bb est n\u00e9e un jour de \u2026foire aux vins. On ne pouvait pas imaginer un meilleur d\u00e9part.<\/p>\n\n\n\n<p>Ao\u00fbt 1998 : Les musiciens de l\u2019harmonie de Lesparre participent \u00e0 la Foire aux Vins locale et mangent au restaurant \u00ab L\u2019Oustaou dous vinherouns \u00bb tenu par le club de rugby. Les serveurs-rugbymen r\u00e9clament des airs de 3\u00e8me mi-temps. On ressort les instruments,on essaye, on chante, on arrose, on discute\u2026<br>Sous l\u2019impulsion d\u2019Andr\u00e9, l\u2019id\u00e9e de cr\u00e9er une section banda prend forme. (Il n\u2019en existe pas encore dans le coin.) Plusieurs musiciens sont s\u00e9duits par le projet.<\/p>\n\n\n\n<p>Alors on se procure des partitions (La Pitxuri, C\u2019est \u00e0 Baba\u2026). On r\u00e9p\u00e8te un peu, on commence \u00e0 s\u2019amuser, on cherche des endroits o\u00f9 se produire pour se faire conna\u00eetre et \u00e0 la rentr\u00e9e d\u2019octobre on d\u00e9marre les r\u00e9p\u00e9titions le mardi soir.<\/p>\n\n\n\n<p>Petit \u00e0 petit la notori\u00e9t\u00e9 arrive. Au printemps suivant, on trouve des contrats, de nouveaux musiciens rejoignent les premiers. On cherche une tenue (d\u2019abord copi\u00e9e sur celle des festayres : blanc et rouge), un nom : Lous Vinherouns est naturellement adopt\u00e9.<\/p>\n\n\n\n<p>Quelques saisons plus tard, le planning, l\u2019effectif et la tr\u00e9sorerie ont augment\u00e9. Les musiciens viennent maintenant de nombreux villages de tout le M\u00e9doc. Le cadre de l\u2019harmonie de Lesparre est devenu trop \u00e9troit, il faut passer \u00e0 l\u2019\u00e9chelon sup\u00e9rieur.<br>Andr\u00e9 (toujours lui !) d\u00e9marche aupr\u00e8s des instances du tout nouveau \u00ab Pays M\u00e9doc \u00bb qui donne son accord pour l\u2019utilisation du label.<br>En d\u00e9cembre 2002, une r\u00e9union constitutive a lieu dans \u2026 une salle de vendanges \u00e0 B\u00e9gadan. Les statuts sont d\u00e9pos\u00e9s et la nouvelle Banda \u00ab Pays M\u00e9doc Lous Vinherouns \u00bb est n\u00e9e.<br><\/p>\n\n\n\n<p>&nbsp;&nbsp; Au cours des ann\u00e9es, de nouveaux musiciens viennent agrandir le groupe, tandis que d\u2019autre s\u2019en vont. Certains n\u2019ont fait que passer et d\u2019autres sont l\u00e0 depuis le d\u00e9but. Qu\u2019ils soient tous remerci\u00e9s pour leur contribution<\/p>\n\n\n\n<p><strong><u>Histoire des Chefs<\/u><\/strong><\/p>\n\n\n\n<p>Apr\u00e8s Pierre Coutreau qui a dirig\u00e9 au d\u00e9part, c\u2019est Jean Louis Escurignan qui a pris la lourde t\u00e2che de chef de musique (et de Pr\u00e9sident) avec des musiciens pas toujours bien disciplin\u00e9s &nbsp;&nbsp;pendant les r\u00e9p\u00e9titions hebdomadaires aux Tourelles de Pauillac. Il faut toujours garder en t\u00eate que la rigolade et la bonne humeur sont de rigueur ce qui engendre quelques d\u00e9rives\u2026&nbsp;J<\/p>\n\n\n\n<p>En 2015, Jean Louis se retire et laisse la place \u00e0 Cathy Tihi Mallet qui nous a dirig\u00e9 quelques ann\u00e9es et qui \u00e0 son tour a laiss\u00e9 la place \u00e0 Thierry Montel, notre chef actuel<\/p>\n\n\n\n<p>.<\/p>\n\n\n\n<p>&nbsp;&nbsp;&nbsp; Thierry a une formation de musique classique et militaire et a pris son r\u00f4le \u00e0 c\u0153ur avec comme objectif de relever le niveau musical, ce qui est un challenge avec des musiciens amateurs qui pensent surtout \u00e0 rigoler\u2026&nbsp;J =&gt; le r\u00e9pertoire garde les morceaux traditionnels des Bandas et s\u2019enrichit des partitions qui sont jou\u00e9es actuellement dans les Bandas des Landes et du Sud-Ouest en g\u00e9n\u00e9ral.<\/p>\n\n\n\n<p><strong><u>Sorties de r\u00e9compenses<\/u><\/strong><\/p>\n\n\n\n<p>&nbsp;&nbsp; L\u2019ambiance est toujours tr\u00e8s festive au sein de l\u2019association et les contrats se multiplient pour constituer un fond de roulement permettant de faire des sorties pour remercier et encourager les musiciens \u00e0 participer.<\/p>\n\n\n\n<p>&nbsp;&nbsp;&nbsp; Week-end \u00e0 la neige, Futuroscope, festival de Bandas \u00e0 Condom, voyage en Navarre, Week-end prolong\u00e9 en Dordogne + Lascaux, week-end au Pays Basque, sans oublier la f\u00eate de la musique et les repas de fin de campagne o\u00f9 les conjoints sont toujours convi\u00e9s aux frais de l\u2019association..<\/p>\n\n\n\n<p>&nbsp;&nbsp; Nous sommes all\u00e9s au Puy du Fou en 2011 et nous devons y revenir en septembre 2024 avec un retour par la Corderie Royale de Rochefort.<\/p>\n\n\n\n<p><strong><u>Communication<\/u><\/strong><\/p>\n\n\n\n<p>&nbsp;&nbsp; C\u2019est en 2004 que David Martin, tr\u00e8s investi \u00e0 l\u2019\u00e9poque dans la Banda propose et met en place le site internet que nous avons actuellement et qui est en reconstruction depuis mars 2024 pour le rendre si possible un peu plus attrayant..<\/p>\n\n\n\n<p>&nbsp;David, toujours lui nous a cr\u00e9\u00e9 un compte Facebook en juin 2018 et \u00e0 ce jour, c\u2019est Corinne Seurin, notre pr\u00e9sidente qui le tient \u00e0 jour en l\u2019agr\u00e9mentant de quelques photos et informations concernant nos prestations pass\u00e9es et \u00e0 venir\u2026&nbsp;!<\/p>\n\n\n\n<p>Nous avons aussi quelques vid\u00e9os sur You tube et les airs de musiques que nous avons enregistr\u00e9s sur un CD en 2007 sont accessibles.<\/p>\n\n\n\n<p>&nbsp;L\u2019id\u00e9e plane de refaire un enregistrement prochainement<\/p>\n\n\n\n<p><strong><u>Les Prestations m\u00e9morables<\/u><\/strong><\/p>\n\n\n\n<p>* toutes les prestations sont m\u00e9morables, les bonnes et les moins bonnes et nous nous produisons bien sur, surtout en M\u00e9doc \u00e0 travers les Comit\u00e9s des F\u00eates mais aussi pour des associations tel que le Marathon du m\u00e9doc ou le Tour de France mais aussi dans des entreprises ou chez des particuliers que nous remercions au passage.<\/p>\n\n\n\n<p>&nbsp;* Nous avons particip\u00e9 \u00e0 un tournoi de Rugby en 2007 \u00e0 Larche en Corr\u00e8ze o\u00f9 nous avons sympathis\u00e9 avec des joueurs de rugby Suisses \u2013 Ce tournoi affrontait environ 40 \u00e9quipes de tous les horizons et chaque \u00e9quipe devait fournir une sp\u00e9cialit\u00e9 culinaire de sa r\u00e9gion pour faire un repas \u00ab&nbsp;Auberge Espagnole&nbsp;\u00bb =&gt; pas de crudit\u00e9 chez les rugbymen mais plut\u00f4t charcutailles et fromages dans une ambiance de f\u00eate.<\/p>\n\n\n\n<p>*Les Suisses tellement satisfaits nous ont demand\u00e9 pour animer un tournoi \u00e0 Neuch\u00e2tel, ce qui nous plaisait bien mais nous \u00e9tions r\u00e9ticents \u00e0 cause du trajet.<\/p>\n\n\n\n<p>Qu\u2019\u00e0 cela ne tienne, un an plus tard, ces m\u00eames Suisses nous offraient 18 billets d\u2019avion en nous demandant combien on leur prendrait pour jouer =&gt; sans h\u00e9siter, on leur a propos\u00e9 de jouer gratuitement et sur le voyage aller, on s\u2019est dit qu\u2019on avait jamais jou\u00e9 aussi haut . Donc, un de nous a pris son instrument puis un autre et comme personne n\u2019\u00e9tait intervenu, tous ceux qui avaient leur instrument en bagage \u00e0 main se sont mis \u00e0 faire un mini concert sous les applaudissements des passagers.<\/p>\n\n\n\n<p>Pour le retour, on a voulu renouveler mais comme c\u2019\u00e9tait le m\u00eame \u00e9quipage qui avait \u00e9t\u00e9 surpris \u00e0 l\u2019aller, ils nous ont de suite stopp\u00e9s en nous disant qu\u2019il ne faut pas faire \u00e7a\u2026.&nbsp;! On s\u2019en doutait un peu, c\u2019est pour \u00e7a qu\u2019on n\u2019avait pas demand\u00e9\u2026&nbsp;J<\/p>\n\n\n\n<p>*Nous avons fait le festival de Banda de Condom o\u00f9 nous \u00e9tions venus l\u2019ann\u00e9e d\u2019avant en reconnaissance mais aussi un festival de Banda \u00e0 Santonia en Espagne o\u00f9 on refusait les chopes de bi\u00e8re qui nous \u00e9taient propos\u00e9es par les barmans tout au long du parcours (\u00e7a faisait trop\u2026&nbsp;!&nbsp;J )<\/p>\n\n\n\n<p>*A Rouen en 2008 pour l\u2019Armada et les grands voiliers, c\u2019\u00e9tait tr\u00e8s sympa mais on sentait bien que le public Normand n\u2019avait pas la culture du Sud Ouest et il a \u00e9t\u00e9 tr\u00e8s difficile de les faire participer au Paquito.<\/p>\n\n\n\n<p>*Nous sommes all\u00e9s 2 fois \u00e0 Martel dans le Lot o\u00f9 le Maire remet les clefs de la ville \u00e0 7 Bandas qui sillonnent les rues jusqu\u2019\u00e0 2h du matin et comme en fin de soir\u00e9e, on se retrouve entre musiciens, on fait mieux connaissance en partageant le verre de l\u2019amiti\u00e9 et la derni\u00e8re fois, c\u2019\u00e9tait encore mieux, une banda des Deux S\u00e8vre a sorti les planchas et les plus r\u00e9sistants d\u2019entre nous ont fini au petit matin\u2026<\/p>\n\n\n\n<p>En 2023 , 2 prestations tr\u00e8s importantes pour nous&nbsp;:<\/p>\n\n\n\n<p>Nous sommes all\u00e9s faire les F\u00eates de la Madeleine \u00e0 Mont de Marsan et ils ont d\u00fb \u00eatre satisfaits de nous car ils nous ont refait un contrat pour juillet 2024 puis derni\u00e8rement, nous avons eu l\u2019immense honneur, gr\u00e2ce \u00e0 l\u2019association des Cabaniers du M\u00e9doc, de jouer sur sc\u00e8ne \u00ab&nbsp;l\u2019Encantada&nbsp;\u00bb pour accompagner son auteur, Joan de Nadau. C\u2019est un peu le Graal pour un musicien de Banda&nbsp;!!!<\/p>\n\n\n\n<p>A ce jour, notre si\u00e8ge social est \u00e0 Lesparre&nbsp;:<\/p>\n\n\n\n<p>chez Mr Armand Saint Araille<\/p>\n\n\n\n<p>42 due Roland Dorgel\u00e8s<\/p>\n\n\n\n<p>33340 Lesparre (Uch)<\/p>\n\n\n\n<p>Notre salle de r\u00e9p\u00e9tition se situe dans l\u2019ancienne \u00e9cole de Saint Tr\u00e9lody, \u00e0 c\u00f4t\u00e9 de l\u2019\u00e9glise et nous r\u00e9p\u00e9tons les 50\/60 morceaux de notre r\u00e9pertoire tous les mardis soir \u00e0 20h30 de octobre \u00e0 juin.<\/p>\n\n\n\n<p>Nous serions tr\u00e8s heureux d\u2019accueillir de nouveaux musiciens de tout \u00e2ge jouant de pr\u00e9f\u00e9rence d\u2019un instrument \u00e0 vent ou accord\u00e9on.<\/p>\n\n\n\n<p>L\u2019indispensable et le plus important est surtout d\u2019avoir un esprit \u00e9picurien.<\/p>\n","protected":false},"excerpt":{"rendered":"<p>Naissance d\u2019une Banda La Banda \u00ab Pays M\u00e9doc \u00bb est n\u00e9e un jour de \u2026foire aux vins. On ne pouvait pas imaginer un meilleur d\u00e9part. Ao\u00fbt 1998 : Les musiciens de l\u2019harmonie de Lesparre participent \u00e0 la Foire aux Vins locale et mangent au restaurant \u00ab L\u2019Oustaou dous vinherouns \u00bb tenu par le club de [&hellip;]<\/p>\n","protected":false},"author":1,"featured_media":0,"parent":0,"menu_order":0,"comment_status":"closed","ping_status":"closed","template":"","meta":[],"_links":{"self":[{"href":"https:\/\/bandapaysmedoc.com\/lousvinherouns\/index.php\/wp-json\/wp\/v2\/pages\/46"}],"collection":[{"href":"https:\/\/bandapaysmedoc.com\/lousvinherouns\/index.php\/wp-json\/wp\/v2\/pages"}],"about":[{"href":"https:\/\/bandapaysmedoc.com\/lousvinherouns\/index.php\/wp-json\/wp\/v2\/types\/page"}],"author":[{"embeddable":true,"href":"https:\/\/bandapaysmedoc.com\/lousvinherouns\/index.php\/wp-json\/wp\/v2\/users\/1"}],"replies":[{"embeddable":true,"href":"https:\/\/bandapaysmedoc.com\/lousvinherouns\/index.php\/wp-json\/wp\/v2\/comments?post=46"}],"version-history":[{"count":4,"href":"https:\/\/bandapaysmedoc.com\/lousvinherouns\/index.php\/wp-json\/wp\/v2\/pages\/46\/revisions"}],"predecessor-version":[{"id":419,"href":"https:\/\/bandapaysmedoc.com\/lousvinherouns\/index.php\/wp-json\/wp\/v2\/pages\/46\/revisions\/419"}],"wp:attachment":[{"href":"https:\/\/bandapaysmedoc.com\/lousvinherouns\/index.php\/wp-json\/wp\/v2\/media?parent=46"}],"curies":[{"name":"wp","href":"https:\/\/api.w.org\/{rel}","templated":true}]}}